{"id":30,"date":"2026-01-21T04:30:09","date_gmt":"2026-01-21T04:30:09","guid":{"rendered":"https:\/\/www.niftytechs.com\/home\/"},"modified":"2026-03-28T05:08:21","modified_gmt":"2026-03-28T05:08:21","slug":"home","status":"publish","type":"page","link":"https:\/\/www.niftytechs.com\/es\/","title":{"rendered":"NiftyTechs"},"content":{"rendered":"<div class=\"wp-block-cover alignfull has-custom-content-position is-position-top-left\" style=\"margin-top:0;padding-top:5vw;padding-right:5vw;padding-bottom:5vw;padding-left:5vw;min-height:438px;aspect-ratio:unset;\"><img loading=\"lazy\" decoding=\"async\" width=\"1024\" height=\"683\" class=\"wp-block-cover__image-background wp-image-160 size-large\" alt=\"\" src=\"https:\/\/www.niftytechs.com\/wp-content\/uploads\/2026\/01\/all-1024x683.jpg\" data-object-fit=\"cover\" srcset=\"https:\/\/www.niftytechs.com\/wp-content\/uploads\/2026\/01\/all-1024x683.jpg 1024w, https:\/\/www.niftytechs.com\/wp-content\/uploads\/2026\/01\/all-300x200.jpg 300w, https:\/\/www.niftytechs.com\/wp-content\/uploads\/2026\/01\/all-768x512.jpg 768w, https:\/\/www.niftytechs.com\/wp-content\/uploads\/2026\/01\/all.jpg 1536w\" sizes=\"auto, (max-width: 1024px) 100vw, 1024px\" \/><span aria-hidden=\"true\" class=\"wp-block-cover__background has-background-dim-90 has-background-dim\" style=\"background-color:#141414\"><\/span><div class=\"wp-block-cover__inner-container is-layout-flow wp-block-cover-is-layout-flow\">\n<div class=\"wp-block-group wp-container-content-9cfa9a5a is-vertical is-nowrap is-layout-flex wp-container-core-group-is-layout-2890af74 wp-block-group-is-layout-flex\">\n<h2 class=\"wp-block-heading has-text-align-left\">Technology &amp; Digital Marketing Solutions for Modern Businesses<\/h2>\n<\/div>\n\n\n\n<div class=\"wp-block-group has-global-padding is-layout-constrained wp-block-group-is-layout-constrained\">\n<p>From professional website development and digital marketing to advanced CCTV security systems and IT support, NiftyTechs helps businesses grow securely and efficiently.<\/p>\n\n\n\n<div class=\"wp-block-buttons is-layout-flex wp-block-buttons-is-layout-flex\">\n<div class=\"wp-block-button\"><a class=\"wp-block-button__link wp-element-button\" href=\"tel:4025949081\">Start Your Project<\/a><\/div>\n\n\n\n<div class=\"wp-block-button\"><a class=\"wp-block-button__link wp-element-button\" href=\"https:\/\/www.niftytechs.com\/es\/services\/\" target=\"_blank\" rel=\"noopener\">M\u00e1s informaci\u00f3n<\/a><\/div>\n<\/div>\n<\/div>\n<\/div><\/div>\n\n\n\n<div class=\"wp-block-group alignfull is-style-ext-preset--group--natural-1--section has-tertiary-background-color has-background has-global-padding is-layout-constrained wp-container-core-group-is-layout-e955bbaf wp-block-group-is-layout-constrained\" style=\"margin-top:0;margin-bottom:0;padding-top:var(--wp--preset--spacing--70);padding-bottom:var(--wp--preset--spacing--70)\">\n<div class=\"wp-block-group alignwide is-vertical is-content-justification-center is-layout-flex wp-container-core-group-is-layout-c9ee0c5a wp-block-group-is-layout-flex\">\n<div class=\"wp-block-group has-global-padding is-layout-constrained wp-container-core-group-is-layout-5e05634a wp-block-group-is-layout-constrained\">\n<h2 class=\"wp-block-heading has-text-align-center\">IT Services, CCTV Security, Website Development &amp; Digital Marketing<\/h2>\n\n\n\n<p class=\"has-text-align-center\">NiftyTechs delivers modern technology solutions designed to help businesses stay secure, operate efficiently, and grow online. From advanced CCTV security systems to professional website development, reliable IT support, and digital marketing strategies, we provide the tools businesses need to succeed in today\u2019s digital world.<\/p>\n<\/div>\n<\/div>\n\n\n\n<div class=\"wp-block-columns alignwide is-layout-flex wp-container-core-columns-is-layout-08c01c1c wp-block-columns-is-layout-flex\">\n<div class=\"wp-block-column is-vertically-aligned-stretch is-layout-flow wp-container-core-column-is-layout-f5bb311e wp-block-column-is-layout-flow\">\n<div class=\"wp-block-group is-style-ext-preset--group--natural-1--item-card-1--align-center has-global-padding is-layout-constrained wp-block-group-is-layout-constrained is-style-ext-preset--group--natural-1--item-card-1--align-center--2\">\n<figure class=\"wp-block-image aligncenter size-large ext-aspect-landscape\"><img loading=\"lazy\" decoding=\"async\" width=\"1024\" height=\"683\" src=\"https:\/\/www.niftytechs.com\/wp-content\/uploads\/2026\/01\/Camaras-1024x683.jpg\" alt=\"\" class=\"wp-image-109\" style=\"aspect-ratio:4\/3;object-fit:cover\" srcset=\"https:\/\/www.niftytechs.com\/wp-content\/uploads\/2026\/01\/Camaras-1024x683.jpg 1024w, https:\/\/www.niftytechs.com\/wp-content\/uploads\/2026\/01\/Camaras-300x200.jpg 300w, https:\/\/www.niftytechs.com\/wp-content\/uploads\/2026\/01\/Camaras-768x512.jpg 768w, https:\/\/www.niftytechs.com\/wp-content\/uploads\/2026\/01\/Camaras.jpg 1536w\" sizes=\"auto, (max-width: 1024px) 100vw, 1024px\" \/><\/figure>\n\n\n\n<div class=\"wp-block-group is-style-default has-global-padding is-layout-constrained wp-block-group-is-layout-constrained\">\n<h3 class=\"wp-block-heading has-text-align-center\">Tecnolog\u00eda de vigilancia avanzada<\/h3>\n\n\n\n<p class=\"has-text-align-center\">Aprovecha los sistemas de c\u00e1maras CCTV, NVR y Wi-Fi de \u00faltima generaci\u00f3n, dise\u00f1ados para ofrecer una vigilancia fluida y unas im\u00e1genes n\u00edtidas. Mantente conectado y en control con una tecnolog\u00eda de seguridad fiable y de alto rendimiento.<\/p>\n<\/div>\n<\/div>\n<\/div>\n\n\n\n<div class=\"wp-block-column is-vertically-aligned-stretch is-layout-flow wp-container-core-column-is-layout-f5bb311e wp-block-column-is-layout-flow\">\n<div class=\"wp-block-group is-style-ext-preset--group--natural-1--item-card-1--align-center has-global-padding is-layout-constrained wp-block-group-is-layout-constrained is-style-ext-preset--group--natural-1--item-card-1--align-center--3\">\n<figure class=\"wp-block-image aligncenter size-large ext-aspect-landscape\"><img loading=\"lazy\" decoding=\"async\" width=\"1024\" height=\"683\" src=\"https:\/\/www.niftytechs.com\/wp-content\/uploads\/2026\/01\/Website-1024x683.jpg\" alt=\"\" class=\"wp-image-110\" style=\"aspect-ratio:4\/3;object-fit:cover\" srcset=\"https:\/\/www.niftytechs.com\/wp-content\/uploads\/2026\/01\/Website-1024x683.jpg 1024w, https:\/\/www.niftytechs.com\/wp-content\/uploads\/2026\/01\/Website-300x200.jpg 300w, https:\/\/www.niftytechs.com\/wp-content\/uploads\/2026\/01\/Website-768x512.jpg 768w, https:\/\/www.niftytechs.com\/wp-content\/uploads\/2026\/01\/Website.jpg 1536w\" sizes=\"auto, (max-width: 1024px) 100vw, 1024px\" \/><\/figure>\n\n\n\n<div class=\"wp-block-group is-style-default has-global-padding is-layout-constrained wp-block-group-is-layout-constrained\">\n<h3 class=\"wp-block-heading has-text-align-center\">Creador de sitios web<\/h3>\n\n\n\n<p class=\"has-text-align-center\">Consigue un sitio web moderno y adaptable, dise\u00f1ado para mostrar tus servicios y convertir a los visitantes en clientes. Nuestros sitios web son r\u00e1pidos, seguros y est\u00e1n optimizados tanto para computadoras de escritorio como para dispositivos m\u00f3viles.<\/p>\n<\/div>\n<\/div>\n<\/div>\n\n\n\n<div class=\"wp-block-column is-vertically-aligned-stretch is-layout-flow wp-container-core-column-is-layout-f5bb311e wp-block-column-is-layout-flow\">\n<div class=\"wp-block-group is-style-ext-preset--group--natural-1--item-card-1--align-center has-global-padding is-layout-constrained wp-block-group-is-layout-constrained is-style-ext-preset--group--natural-1--item-card-1--align-center--4\">\n<figure class=\"wp-block-image aligncenter size-large ext-aspect-landscape\"><img loading=\"lazy\" decoding=\"async\" width=\"1024\" height=\"683\" src=\"https:\/\/www.niftytechs.com\/wp-content\/uploads\/2026\/01\/Marketing-1024x683.jpg\" alt=\"\" class=\"wp-image-111\" style=\"aspect-ratio:4\/3;object-fit:cover\" srcset=\"https:\/\/www.niftytechs.com\/wp-content\/uploads\/2026\/01\/Marketing-1024x683.jpg 1024w, https:\/\/www.niftytechs.com\/wp-content\/uploads\/2026\/01\/Marketing-300x200.jpg 300w, https:\/\/www.niftytechs.com\/wp-content\/uploads\/2026\/01\/Marketing-768x512.jpg 768w, https:\/\/www.niftytechs.com\/wp-content\/uploads\/2026\/01\/Marketing.jpg 1536w\" sizes=\"auto, (max-width: 1024px) 100vw, 1024px\" \/><\/figure>\n\n\n\n<div class=\"wp-block-group is-style-default has-global-padding is-layout-constrained wp-block-group-is-layout-constrained\">\n<h3 class=\"wp-block-heading\">Comercializaci\u00f3n<\/h3>\n\n\n\n<p class=\"has-text-align-center\">Haz crecer tu negocio con estrategias de mercadotecnia espec\u00edficas que aumentan la visibilidad y generan resultados reales. Desde el desarrollo de la marca hasta las campa\u00f1as digitales, te ayudamos a llegar al p\u00fablico adecuado y a destacar entre la competencia.<\/p>\n<\/div>\n<\/div>\n<\/div>\n<\/div>\n\n\n\n<div class=\"wp-block-buttons is-content-justification-center is-layout-flex wp-container-core-buttons-is-layout-a89b3969 wp-block-buttons-is-layout-flex\">\n<div class=\"wp-block-button is-style-ext-preset--button--natural-1--button-1 is-style-ext-preset--button--natural-1--button-1--5\"><a class=\"wp-block-button__link wp-element-button\" href=\"https:\/\/www.niftytechs.com\/es\/services\/\">Explore Our Services<\/a><\/div>\n<\/div>\n<\/div>","protected":false},"excerpt":{"rendered":"<p>IT Services, CCTV Security, Website Development &amp; Digital Marketing NiftyTechs delivers modern technology solutions designed to help businesses stay secure, operate efficiently, and grow online. From advanced CCTV security systems to professional website development, reliable IT support, and digital marketing strategies, we provide the tools businesses need to succeed in today\u2019s digital world. Advanced Surveillance [&hellip;]<\/p>\n","protected":false},"author":1,"featured_media":0,"parent":0,"menu_order":0,"comment_status":"closed","ping_status":"closed","template":"no-title","meta":{"footnotes":""},"class_list":["post-30","page","type-page","status-publish","hentry"],"_links":{"self":[{"href":"https:\/\/www.niftytechs.com\/es\/wp-json\/wp\/v2\/pages\/30","targetHints":{"allow":["GET"]}}],"collection":[{"href":"https:\/\/www.niftytechs.com\/es\/wp-json\/wp\/v2\/pages"}],"about":[{"href":"https:\/\/www.niftytechs.com\/es\/wp-json\/wp\/v2\/types\/page"}],"author":[{"embeddable":true,"href":"https:\/\/www.niftytechs.com\/es\/wp-json\/wp\/v2\/users\/1"}],"replies":[{"embeddable":true,"href":"https:\/\/www.niftytechs.com\/es\/wp-json\/wp\/v2\/comments?post=30"}],"version-history":[{"count":11,"href":"https:\/\/www.niftytechs.com\/es\/wp-json\/wp\/v2\/pages\/30\/revisions"}],"predecessor-version":[{"id":260,"href":"https:\/\/www.niftytechs.com\/es\/wp-json\/wp\/v2\/pages\/30\/revisions\/260"}],"wp:attachment":[{"href":"https:\/\/www.niftytechs.com\/es\/wp-json\/wp\/v2\/media?parent=30"}],"curies":[{"name":"wp","href":"https:\/\/api.w.org\/{rel}","templated":true}]}}