{"id":29,"date":"2026-01-21T04:30:08","date_gmt":"2026-01-21T04:30:08","guid":{"rendered":"https:\/\/www.niftytechs.com\/testimonials\/"},"modified":"2026-03-28T05:02:24","modified_gmt":"2026-03-28T05:02:24","slug":"testimonials","status":"publish","type":"page","link":"https:\/\/www.niftytechs.com\/es\/testimonials\/","title":{"rendered":"Testimonios"},"content":{"rendered":"<div class=\"wp-block-group alignfull is-style-ext-preset--group--natural-1--section has-background-background-color has-background has-global-padding is-layout-constrained wp-container-core-group-is-layout-e955bbaf wp-block-group-is-layout-constrained\" style=\"margin-top:0;margin-bottom:0;padding-top:var(--wp--preset--spacing--70);padding-bottom:var(--wp--preset--spacing--70)\">\n<div class=\"wp-block-columns alignwide is-layout-flex wp-container-core-columns-is-layout-174606dc wp-block-columns-is-layout-flex\">\n<div class=\"wp-block-column is-layout-flow wp-block-column-is-layout-flow\">\n<!-- Google Reviews Section -->\n<section class=\"google-reviews\">\n  \n  <!-- Section Header -->\n  <div class=\"reviews-header\">\n    <h2>Testimonios de confianza de nuestros valiosos clientes<\/h2>\n    <p>\n      Descubra c\u00f3mo nuestras soluciones de seguridad personalizadas permiten a nuestros clientes proteger sus hogares y negocios con confianza.\n    <\/p>\n  <\/div>\n\n  <!-- Elfsight Google Reviews Widget -->\n  <script src=\"https:\/\/elfsightcdn.com\/platform.js\" async><\/script>\n  <div \n    class=\"elfsight-app-0cedd986-f267-4a7f-8b9d-da073f075c51\" \n    data-elfsight-app-lazy>\n  <\/div>\n\n  <!-- Call-to-action -->\n  <div class=\"reviews-cta\">\n    <a href=\"https:\/\/www.google.com\/maps\/search\/?api=1&#038;query=Niftytechs\" target=\"_blank\" rel=\"noopener noreferrer\" aria-label=\"Lea las rese\u00f1as de Niftytechs en Google\">\n      \u2b50 Lea todas las rese\u00f1as en Google\n    <\/a>\n  <\/div>\n\n<\/section>\n\n<!-- Styling -->\n<style>\n  .google-reviews {\n    max-width: 1100px;\n    margin: 80px auto;\n    padding: 0 20px;\n    text-align: center;\n  }\n\n  .reviews-header {\n    margin-bottom: 40px;\n  }\n\n  .reviews-header h2 {\n    font-size: 2.2rem;\n    font-weight: 700;\n    margin-bottom: 12px;\n  }\n\n  .reviews-header p {\n    max-width: 700px;\n    margin: 0 auto;\n    font-size: 1.05rem;\n    color: #555;\n    line-height: 1.6;\n  }\n\n  .reviews-cta {\n    margin-top: 25px;\n  }\n\n  .reviews-cta a {\n    display: inline-block;\n    padding: 12px 26px;\n    border-radius: 30px;\n    background: #111;\n    color: #fff;\n    font-weight: 600;\n    text-decoration: none;\n    transition: all 0.25s ease;\n  }\n\n  .reviews-cta a:hover {\n    background: #000;\n    transform: translateY(-2px);\n  }\n\n  @media (max-width: 768px) {\n    .reviews-header h2 {\n      font-size: 1.8rem;\n    }\n  }\n<\/style>\n<\/div>\n<\/div>\n\n\n\n<div class=\"wp-block-media-text alignwide is-stacked-on-mobile\"><figure class=\"wp-block-media-text__media\"><img loading=\"lazy\" decoding=\"async\" width=\"1024\" height=\"969\" src=\"https:\/\/www.niftytechs.com\/wp-content\/uploads\/2026\/02\/JGS09843-1024x969.jpg\" alt=\"\" class=\"wp-image-212 size-full\" srcset=\"https:\/\/www.niftytechs.com\/wp-content\/uploads\/2026\/02\/JGS09843-1024x969.jpg 1024w, https:\/\/www.niftytechs.com\/wp-content\/uploads\/2026\/02\/JGS09843-300x284.jpg 300w, https:\/\/www.niftytechs.com\/wp-content\/uploads\/2026\/02\/JGS09843-768x727.jpg 768w, https:\/\/www.niftytechs.com\/wp-content\/uploads\/2026\/02\/JGS09843-1536x1453.jpg 1536w, https:\/\/www.niftytechs.com\/wp-content\/uploads\/2026\/02\/JGS09843-2048x1938.jpg 2048w, https:\/\/www.niftytechs.com\/wp-content\/uploads\/2026\/02\/JGS09843-13x12.jpg 13w\" sizes=\"auto, (max-width: 1024px) 100vw, 1024px\" \/><\/figure><div class=\"wp-block-media-text__content\">\n<h4 class=\"wp-block-heading\"><strong>Crear confianza duradera a trav\u00e9s de una seguridad precisa<\/strong><\/h4>\n\n\n\n<p>Descubra c\u00f3mo una propiedad comercial minimiz\u00f3 los riesgos y mejor\u00f3 la supervisi\u00f3n gracias a nuestras evaluaciones de riesgos e instalaciones realizadas por expertos.<\/p>\n<\/div><\/div>\n\n\n\n<div class=\"wp-block-media-text alignwide has-media-on-the-right is-stacked-on-mobile\"><div class=\"wp-block-media-text__content\">\n<h4 class=\"wp-block-heading has-text-align-center\"><strong>Mejora de la protecci\u00f3n con vigilancia personalizada<\/strong><\/h4>\n\n\n\n<p class=\"has-text-align-center\">Descubra c\u00f3mo las empresas optimizaron su infraestructura de seguridad, mejorando el control y reduciendo las vulnerabilidades.<\/p>\n<\/div><figure class=\"wp-block-media-text__media\"><img loading=\"lazy\" decoding=\"async\" width=\"925\" height=\"1024\" src=\"https:\/\/www.niftytechs.com\/wp-content\/uploads\/2026\/02\/IMG_7646-925x1024.jpeg\" alt=\"\" class=\"wp-image-214 size-full\" srcset=\"https:\/\/www.niftytechs.com\/wp-content\/uploads\/2026\/02\/IMG_7646-925x1024.jpeg 925w, https:\/\/www.niftytechs.com\/wp-content\/uploads\/2026\/02\/IMG_7646-271x300.jpeg 271w, https:\/\/www.niftytechs.com\/wp-content\/uploads\/2026\/02\/IMG_7646-768x850.jpeg 768w, https:\/\/www.niftytechs.com\/wp-content\/uploads\/2026\/02\/IMG_7646-1387x1536.jpeg 1387w, https:\/\/www.niftytechs.com\/wp-content\/uploads\/2026\/02\/IMG_7646-1850x2048.jpeg 1850w, https:\/\/www.niftytechs.com\/wp-content\/uploads\/2026\/02\/IMG_7646-11x12.jpeg 11w\" sizes=\"auto, (max-width: 925px) 100vw, 925px\" \/><\/figure><\/div>\n<\/div>\n\n\n\n<div class=\"wp-block-group alignfull is-style-ext-preset--group--natural-1--section has-tertiary-background-color has-background has-global-padding is-layout-constrained wp-container-core-group-is-layout-e955bbaf wp-block-group-is-layout-constrained\" style=\"margin-top:0;margin-bottom:0;padding-top:var(--wp--preset--spacing--70);padding-bottom:var(--wp--preset--spacing--70)\">\n<div class=\"wp-block-buttons is-content-justification-center is-layout-flex wp-container-core-buttons-is-layout-a89b3969 wp-block-buttons-is-layout-flex\">\n<div class=\"wp-block-button is-style-ext-preset--button--natural-1--button-1 is-style-ext-preset--button--natural-1--button-1--3\"><a class=\"wp-block-button__link wp-element-button\" href=\"https:\/\/www.google.com\/maps\/search\/?api=1&amp;query=Niftytechs\" target=\"_blank\" rel=\"noopener\">Lea m\u00e1s testimonios<\/a><\/div>\n<\/div>\n<\/div>","protected":false},"excerpt":{"rendered":"<p>Trusted Testimonials from Our Valued Clients Discover how our tailored security solutions empower clients to protect their homes and businesses with confidence. \u2b50 Read all reviews on Google Building Lasting Trust through Precision Security Learn how a commercial property minimized risks and improved monitoring with our expert risk assessments and installations. Elevating Protection with Customized [&hellip;]<\/p>\n","protected":false},"author":1,"featured_media":214,"parent":0,"menu_order":0,"comment_status":"closed","ping_status":"closed","template":"page-with-title","meta":{"footnotes":""},"class_list":["post-29","page","type-page","status-publish","has-post-thumbnail","hentry"],"_links":{"self":[{"href":"https:\/\/www.niftytechs.com\/es\/wp-json\/wp\/v2\/pages\/29","targetHints":{"allow":["GET"]}}],"collection":[{"href":"https:\/\/www.niftytechs.com\/es\/wp-json\/wp\/v2\/pages"}],"about":[{"href":"https:\/\/www.niftytechs.com\/es\/wp-json\/wp\/v2\/types\/page"}],"author":[{"embeddable":true,"href":"https:\/\/www.niftytechs.com\/es\/wp-json\/wp\/v2\/users\/1"}],"replies":[{"embeddable":true,"href":"https:\/\/www.niftytechs.com\/es\/wp-json\/wp\/v2\/comments?post=29"}],"version-history":[{"count":9,"href":"https:\/\/www.niftytechs.com\/es\/wp-json\/wp\/v2\/pages\/29\/revisions"}],"predecessor-version":[{"id":274,"href":"https:\/\/www.niftytechs.com\/es\/wp-json\/wp\/v2\/pages\/29\/revisions\/274"}],"wp:featuredmedia":[{"embeddable":true,"href":"https:\/\/www.niftytechs.com\/es\/wp-json\/wp\/v2\/media\/214"}],"wp:attachment":[{"href":"https:\/\/www.niftytechs.com\/es\/wp-json\/wp\/v2\/media?parent=29"}],"curies":[{"name":"wp","href":"https:\/\/api.w.org\/{rel}","templated":true}]}}