{"id":26,"date":"2026-01-21T04:30:07","date_gmt":"2026-01-21T04:30:07","guid":{"rendered":"https:\/\/www.niftytechs.com\/services\/"},"modified":"2026-03-28T04:43:44","modified_gmt":"2026-03-28T04:43:44","slug":"services","status":"publish","type":"page","link":"https:\/\/www.niftytechs.com\/es\/services\/","title":{"rendered":"Smart Surveillance Solutions"},"content":{"rendered":"<div class=\"wp-block-group alignfull is-style-ext-preset--group--natural-1--section has-background-background-color has-background has-global-padding is-layout-constrained wp-block-group-is-layout-constrained\" style=\"margin-top:0;margin-bottom:0;padding-top:var(--wp--preset--spacing--70);padding-bottom:var(--wp--preset--spacing--70)\">\n<div class=\"wp-block-columns alignwide are-vertically-aligned-center is-layout-flex wp-container-core-columns-is-layout-174606dc wp-block-columns-is-layout-flex\">\n<div class=\"wp-block-column is-vertically-aligned-center is-layout-flow wp-block-column-is-layout-flow\">\n<div class=\"wp-block-columns is-layout-flex wp-container-core-columns-is-layout-ea69a204 wp-block-columns-is-layout-flex\">\n<div class=\"wp-block-column is-layout-flow wp-block-column-is-layout-flow\">\n<div class=\"wp-block-cover is-light is-style-ext-preset--image--natural-1--image-1--content-right is-style-ext-preset--image--natural-1--image-1--content-right--2\" style=\"padding-top:0;padding-bottom:0;min-height:100%;aspect-ratio:unset;\"><img loading=\"lazy\" decoding=\"async\" width=\"1024\" height=\"683\" class=\"wp-block-cover__image-background wp-image-171 size-large\" alt=\"\" src=\"https:\/\/www.niftytechs.com\/wp-content\/uploads\/2026\/01\/services-1024x683.jpg\" data-object-fit=\"cover\" srcset=\"https:\/\/www.niftytechs.com\/wp-content\/uploads\/2026\/01\/services-1024x683.jpg 1024w, https:\/\/www.niftytechs.com\/wp-content\/uploads\/2026\/01\/services-300x200.jpg 300w, https:\/\/www.niftytechs.com\/wp-content\/uploads\/2026\/01\/services-768x512.jpg 768w, https:\/\/www.niftytechs.com\/wp-content\/uploads\/2026\/01\/services.jpg 1536w\" sizes=\"auto, (max-width: 1024px) 100vw, 1024px\" \/><span aria-hidden=\"true\" class=\"wp-block-cover__background has-background-dim-0 has-background-dim\" style=\"background-color:#7b8295\"><\/span><div class=\"wp-block-cover__inner-container is-layout-flow wp-block-cover-is-layout-flow\">\n<div style=\"height:478px\" aria-hidden=\"true\" class=\"wp-block-spacer\"><\/div>\n<\/div><\/div>\n<\/div>\n<\/div>\n<\/div>\n\n\n\n<div class=\"wp-block-column is-vertically-aligned-center is-layout-flow wp-block-column-is-layout-flow\">\n<div class=\"wp-block-group alignwide is-vertical is-layout-flex wp-container-core-group-is-layout-c35747d5 wp-block-group-is-layout-flex\">\n<div class=\"wp-block-group has-global-padding is-layout-constrained wp-container-core-group-is-layout-dd32767c wp-block-group-is-layout-constrained\">\n<h2 class=\"wp-block-heading\">Tecnolog\u00eda integrada y soluciones digitales<\/h2>\n\n\n\n<p>Ofrecemos soluciones tecnol\u00f3gicas completas dise\u00f1adas para proteger, promover y hacer crecer su negocio o propiedad. Nuestros servicios incluyen:&nbsp;<strong>sistemas de vigilancia inteligentes<\/strong>&nbsp;con CCTV de alta definici\u00f3n, unidades NVR y c\u00e1maras Wi-Fi, junto con&nbsp;<strong>dise\u00f1o de sitios web profesionales<\/strong>,&nbsp;<strong>SEO<\/strong>, y&nbsp;<strong>servicios de marketing digital<\/strong>&nbsp;dise\u00f1adas para aumentar la visibilidad y las conversiones. Desde instalaciones de sistemas seguros y monitoreo remoto hasta sitios web de alto rendimiento y campa\u00f1as en l\u00ednea dirigidas, ofrecemos soluciones confiables y modernas para necesidades residenciales y comerciales, respaldadas por un soporte experto y una integraci\u00f3n perfecta.<\/p>\n<\/div>\n\n\n\n<div class=\"wp-block-buttons is-layout-flex wp-block-buttons-is-layout-flex\">\n<div class=\"wp-block-button is-style-ext-preset--button--natural-1--button-1 is-style-ext-preset--button--natural-1--button-1--3\"><a class=\"wp-block-button__link wp-element-button\" href=\"https:\/\/www.niftytechs.com\/es\/contact\/\"><strong>Comience<\/strong><\/a><\/div>\n\n\n\n<div class=\"wp-block-button is-style-ext-preset--button--natural-1--button-1 is-style-ext-preset--button--natural-1--button-1--4\"><a class=\"wp-block-button__link wp-element-button\" href=\"tel:4025949081\"><strong>Cont\u00e1ctenos<\/strong><\/a><\/div>\n<\/div>\n<\/div>\n<\/div>\n<\/div>\n<\/div>\n\n\n\n<div class=\"wp-block-group alignfull is-style-ext-preset--group--natural-1--section has-tertiary-background-color has-background has-global-padding is-layout-constrained wp-container-core-group-is-layout-e955bbaf wp-block-group-is-layout-constrained\" style=\"margin-top:0;margin-bottom:0;padding-top:var(--wp--preset--spacing--70);padding-bottom:var(--wp--preset--spacing--70)\">\n<div class=\"wp-block-group alignwide is-vertical is-content-justification-center is-layout-flex wp-container-core-group-is-layout-c9ee0c5a wp-block-group-is-layout-flex\">\n<div class=\"wp-block-group has-global-padding is-layout-constrained wp-container-core-group-is-layout-2287c683 wp-block-group-is-layout-constrained\">\n<h2 class=\"wp-block-heading has-text-align-center\">Descubra nuestras soluciones de vigilancia inteligente<\/h2>\n\n\n\n<p class=\"has-text-align-center\">En esta secci\u00f3n se muestran nuestros avanzados sistemas de CCTV, NVR y Wi-Fi, dise\u00f1ados para ofrecer una vigilancia de seguridad fiable y n\u00edtida.<\/p>\n<\/div>\n<\/div>\n\n\n\n<div class=\"wp-block-columns alignwide is-layout-flex wp-container-core-columns-is-layout-08c01c1c wp-block-columns-is-layout-flex\">\n<div class=\"wp-block-column is-layout-flow wp-block-column-is-layout-flow\">\n<div class=\"wp-block-group is-style-ext-preset--group--natural-1--item-card-1--align-center has-global-padding is-layout-constrained wp-block-group-is-layout-constrained is-style-ext-preset--group--natural-1--item-card-1--align-center--6\">\n<figure class=\"wp-block-image size-large\"><img loading=\"lazy\" decoding=\"async\" width=\"1024\" height=\"683\" src=\"https:\/\/www.niftytechs.com\/wp-content\/uploads\/2026\/01\/Camaras-1-1024x683.jpg\" alt=\"\" class=\"wp-image-162\" style=\"aspect-ratio:4\/3;object-fit:cover\" srcset=\"https:\/\/www.niftytechs.com\/wp-content\/uploads\/2026\/01\/Camaras-1-1024x683.jpg 1024w, https:\/\/www.niftytechs.com\/wp-content\/uploads\/2026\/01\/Camaras-1-300x200.jpg 300w, https:\/\/www.niftytechs.com\/wp-content\/uploads\/2026\/01\/Camaras-1-768x512.jpg 768w, https:\/\/www.niftytechs.com\/wp-content\/uploads\/2026\/01\/Camaras-1.jpg 1536w\" sizes=\"auto, (max-width: 1024px) 100vw, 1024px\" \/><\/figure>\n\n\n\n<div class=\"wp-block-group is-style-default has-global-padding is-layout-constrained wp-block-group-is-layout-constrained\">\n<h3 class=\"wp-block-heading has-text-align-center\">Tecnolog\u00eda de vigilancia avanzada<\/h3>\n\n\n\n<p class=\"has-text-align-center\">Aprovecha los sistemas de c\u00e1maras CCTV, NVR y Wi-Fi de \u00faltima generaci\u00f3n, dise\u00f1ados para ofrecer una vigilancia fluida y unas im\u00e1genes n\u00edtidas. Mantente conectado y en control con una tecnolog\u00eda de seguridad fiable y de alto rendimiento.<\/p>\n<\/div>\n<\/div>\n<\/div>\n\n\n\n<div class=\"wp-block-column is-layout-flow wp-block-column-is-layout-flow\">\n<div class=\"wp-block-group is-style-ext-preset--group--natural-1--item-card-1--align-center has-global-padding is-layout-constrained wp-block-group-is-layout-constrained is-style-ext-preset--group--natural-1--item-card-1--align-center--7\">\n<figure class=\"wp-block-image size-large\"><img loading=\"lazy\" decoding=\"async\" width=\"1024\" height=\"683\" src=\"https:\/\/www.niftytechs.com\/wp-content\/uploads\/2026\/01\/Website-1-1024x683.jpg\" alt=\"\" class=\"wp-image-164\" style=\"aspect-ratio:4\/3;object-fit:cover\" srcset=\"https:\/\/www.niftytechs.com\/wp-content\/uploads\/2026\/01\/Website-1-1024x683.jpg 1024w, https:\/\/www.niftytechs.com\/wp-content\/uploads\/2026\/01\/Website-1-300x200.jpg 300w, https:\/\/www.niftytechs.com\/wp-content\/uploads\/2026\/01\/Website-1-768x512.jpg 768w, https:\/\/www.niftytechs.com\/wp-content\/uploads\/2026\/01\/Website-1.jpg 1536w\" sizes=\"auto, (max-width: 1024px) 100vw, 1024px\" \/><\/figure>\n\n\n\n<div class=\"wp-block-group is-style-default has-global-padding is-layout-constrained wp-block-group-is-layout-constrained\">\n<h3 class=\"wp-block-heading has-text-align-center\">Creador de sitios web<\/h3>\n\n\n\n<p class=\"has-text-align-center\">Consigue un sitio web moderno y adaptable, dise\u00f1ado para mostrar tus servicios y convertir a los visitantes en clientes. Nuestros sitios web son r\u00e1pidos, seguros y est\u00e1n optimizados tanto para computadoras de escritorio como para dispositivos m\u00f3viles.<\/p>\n<\/div>\n<\/div>\n<\/div>\n\n\n\n<div class=\"wp-block-column is-layout-flow wp-block-column-is-layout-flow\">\n<div class=\"wp-block-group is-style-ext-preset--group--natural-1--item-card-1--align-center has-global-padding is-layout-constrained wp-block-group-is-layout-constrained is-style-ext-preset--group--natural-1--item-card-1--align-center--8\">\n<figure class=\"wp-block-image size-large\"><img loading=\"lazy\" decoding=\"async\" width=\"1024\" height=\"683\" src=\"https:\/\/www.niftytechs.com\/wp-content\/uploads\/2026\/01\/Marketing-1-1024x683.jpg\" alt=\"\" class=\"wp-image-165\" style=\"aspect-ratio:4\/3;object-fit:cover\" srcset=\"https:\/\/www.niftytechs.com\/wp-content\/uploads\/2026\/01\/Marketing-1-1024x683.jpg 1024w, https:\/\/www.niftytechs.com\/wp-content\/uploads\/2026\/01\/Marketing-1-300x200.jpg 300w, https:\/\/www.niftytechs.com\/wp-content\/uploads\/2026\/01\/Marketing-1-768x512.jpg 768w, https:\/\/www.niftytechs.com\/wp-content\/uploads\/2026\/01\/Marketing-1.jpg 1536w\" sizes=\"auto, (max-width: 1024px) 100vw, 1024px\" \/><\/figure>\n\n\n\n<div class=\"wp-block-group is-style-default has-global-padding is-layout-constrained wp-block-group-is-layout-constrained\">\n<h3 class=\"wp-block-heading has-text-align-center\">Comercializaci\u00f3n<\/h3>\n\n\n\n<p class=\"has-text-align-center\">Haz crecer tu negocio con estrategias de mercadotecnia espec\u00edficas que aumentan la visibilidad y generan resultados reales. Desde el desarrollo de la marca hasta las campa\u00f1as digitales, te ayudamos a llegar al p\u00fablico adecuado y a destacar entre la competencia.<\/p>\n<\/div>\n<\/div>\n<\/div>\n<\/div>\n<\/div>\n\n\n\n<!DOCTYPE html>\n<html lang=\"en\">\n<head>\n<meta charset=\"UTF-8\">\n<meta name=\"viewport\" content=\"width=device-width, initial-scale=1.0\">\n<title>Domain Search<\/title>\n\n<style>\n  body {\n    margin: 0;\n    font-family: -apple-system, BlinkMacSystemFont, \"Segoe UI\", Roboto, Helvetica, Arial, sans-serif;\n    background: linear-gradient(180deg, #f7f9ff 0%, #ffffff 60%);\n    color: #111;\n  }\n\n  .hero {\n    max-width: 900px;\n    margin: 0 auto;\n    padding: 120px 24px;\n    text-align: center;\n  }\n\n  .hero h1 {\n    font-size: 52px;\n    line-height: 1.1;\n    margin-bottom: 20px;\n  }\n\n  .hero p {\n    font-size: 18px;\n    color: #555;\n    margin-bottom: 40px;\n  }\n\n  .search-wrapper {\n    display: flex;\n    justify-content: center;\n  }\n\n  .search-box {\n    display: flex;\n    width: 100%;\n    max-width: 640px;\n    border: 2px solid #0a66ff;\n    border-radius: 14px;\n    overflow: hidden;\n    background: white;\n    box-shadow: 0 12px 30px rgba(10, 102, 255, 0.12);\n  }\n\n  .search-box input {\n    flex: 1;\n    padding: 20px 22px;\n    font-size: 16px;\n    border: none;\n    outline: none;\n  }\n\n  .search-box button {\n    background: #0a66ff;\n    color: white;\n    border: none;\n    padding: 0 32px;\n    cursor: pointer;\n    font-size: 20px;\n    display: flex;\n    align-items: center;\n    transition: background 0.2s ease;\n  }\n\n  .search-box button:hover {\n    background: #004fd8;\n  }\n\n  .helper-link {\n    margin-top: 18px;\n    display: inline-block;\n    color: #0a66ff;\n    text-decoration: none;\n    font-size: 15px;\n  }\n\n  .helper-link:hover {\n    text-decoration: underline;\n  }\n\n  \/* Mobile *\/\n  @media (max-width: 600px) {\n    .hero {\n      padding: 90px 20px;\n    }\n\n    .hero h1 {\n      font-size: 38px;\n    }\n  }\n<\/style>\n<\/head>\n\n<body>\n\n<section class=\"hero\">\n  <h1>Find your perfect domain<\/h1>\n\n  <p>\n    The right name makes it easy for customers to find you online.\n    Search availability instantly.\n  <\/p>\n\n  <div class=\"search-wrapper\">\n    <form id=\"searchForm\" class=\"search-box\" action=\"\">\n      <input\n        type=\"text\"\n        id=\"query\"\n        name=\"query\"\n        placeholder=\"Enter a domain name or keywords\"\n        required\n>\n      <button type=\"submit\">\ud83d\udd0d<\/button>\n    <input type=\"hidden\" name=\"trp-form-language\" value=\"es\"\/><\/form>\n  <\/div>\n\n  <a href=\"https:\/\/domains.niftytechs.com\/site\/transfer\" class=\"helper-link\" target=\"_blank\" rel=\"noopener\">\n    Already have a domain? Transfer it now \u2192\n  <\/a>\n<\/section>\n\n<script>\ndocument.getElementById('searchForm').addEventListener('submit', function(e) {\n  e.preventDefault();\n\n  var query = document.getElementById('query').value;\n  var url = 'https:\/\/domains.niftytechs.com\/site\/availability\/' + encodeURIComponent(query);\n\n  this.action = url;\n  this.method = 'GET';\n  this.submit();\n});\n<\/script>\n\n<\/body>\n<\/html>\n\n\n\n<div class=\"wp-block-group alignfull is-style-ext-preset--group--natural-1--section has-background-background-color has-background has-global-padding is-layout-constrained wp-container-core-group-is-layout-18437aeb wp-block-group-is-layout-constrained\" style=\"margin-top:0;margin-bottom:0;padding-top:var(--wp--preset--spacing--70);padding-right:0;padding-bottom:var(--wp--preset--spacing--70);padding-left:0\">\n<div class=\"wp-block-group alignwide is-style-ext-preset--group--natural-1--item-card-1--align-start has-global-padding is-layout-constrained wp-block-group-is-layout-constrained is-style-ext-preset--group--natural-1--item-card-1--align-start--10\">\n<div class=\"wp-block-cover alignwide is-style-ext-preset--cover--natural-1--cover-overlay-1 is-style-ext-preset--cover--natural-1--cover-overlay-1--11\" style=\"padding-top:var(--wp--preset--spacing--50);padding-right:var(--wp--preset--spacing--30);padding-bottom:var(--wp--preset--spacing--50);padding-left:var(--wp--preset--spacing--30)\"><img loading=\"lazy\" decoding=\"async\" width=\"1440\" height=\"960\" class=\"wp-block-cover__image-background wp-image-131\" alt=\"\" src=\"https:\/\/www.niftytechs.com\/wp-content\/uploads\/2026\/01\/261597521f428add8421db1df613d5c054489176.jpg\" data-object-fit=\"cover\" srcset=\"https:\/\/www.niftytechs.com\/wp-content\/uploads\/2026\/01\/261597521f428add8421db1df613d5c054489176.jpg 1440w, https:\/\/www.niftytechs.com\/wp-content\/uploads\/2026\/01\/261597521f428add8421db1df613d5c054489176-300x200.jpg 300w, https:\/\/www.niftytechs.com\/wp-content\/uploads\/2026\/01\/261597521f428add8421db1df613d5c054489176-1024x683.jpg 1024w, https:\/\/www.niftytechs.com\/wp-content\/uploads\/2026\/01\/261597521f428add8421db1df613d5c054489176-768x512.jpg 768w\" sizes=\"auto, (max-width: 1440px) 100vw, 1440px\" \/><span aria-hidden=\"true\" class=\"wp-block-cover__background has-background-dim-80 has-background-dim\" style=\"background-color:#010101\"><\/span><div class=\"wp-block-cover__inner-container has-global-padding is-layout-constrained wp-container-core-cover-is-layout-1c074333 wp-block-cover-is-layout-constrained\">\n<div class=\"wp-block-group alignwide is-vertical is-content-justification-center is-layout-flex wp-container-core-group-is-layout-b5c398d7 wp-block-group-is-layout-flex\" style=\"padding-top:0;padding-right:0;padding-bottom:0;padding-left:0\">\n<div class=\"wp-block-group has-global-padding is-layout-constrained wp-container-core-group-is-layout-f1e34d34 wp-block-group-is-layout-constrained\" style=\"padding-top:0;padding-right:0;padding-bottom:0;padding-left:0\">\n<h2 class=\"wp-block-heading has-text-align-center has-x-large-font-size\" style=\"margin-bottom:24px\">Proteja su propiedad con NiftyTechs ahora mismo.<\/h2>\n\n\n\n<p class=\"has-text-align-center\" style=\"font-size:clamp(14px, 0.875rem + ((1vw - 3.2px) * 0.417), 18px);\">Descubra c\u00f3mo nuestras soluciones avanzadas de vigilancia protegen lo que m\u00e1s le importa. P\u00f3ngase en contacto con nuestros expertos hoy mismo para dise\u00f1ar su sistema de seguridad personalizado y disfrutar de tranquilidad.<\/p>\n<\/div>\n\n\n\n<div class=\"wp-block-buttons is-layout-flex wp-block-buttons-is-layout-flex\">\n<div class=\"wp-block-button is-style-ext-preset--button--natural-1--button-1 is-style-ext-preset--button--natural-1--button-1--12\"><a class=\"wp-block-button__link wp-element-button\" href=\"#\">Descubra las soluciones<\/a><\/div>\n<\/div>\n<\/div>\n<\/div><\/div>\n<\/div>\n<\/div>","protected":false},"excerpt":{"rendered":"<p>Integrated Technology &amp; Digital Solutions We provide complete technology solutions designed to protect, promote, and grow your business or property. Our services include&nbsp;smart surveillance systems&nbsp;with high-definition CCTV, NVR units, and Wi-Fi cameras, along with&nbsp;professional website design,&nbsp;SEO, and&nbsp;digital marketing services&nbsp;built to increase visibility and conversions. From secure system installations and remote monitoring to high-performance websites and [&hellip;]<\/p>\n","protected":false},"author":1,"featured_media":0,"parent":0,"menu_order":0,"comment_status":"closed","ping_status":"closed","template":"page-with-title","meta":{"footnotes":""},"class_list":["post-26","page","type-page","status-publish","hentry"],"_links":{"self":[{"href":"https:\/\/www.niftytechs.com\/es\/wp-json\/wp\/v2\/pages\/26","targetHints":{"allow":["GET"]}}],"collection":[{"href":"https:\/\/www.niftytechs.com\/es\/wp-json\/wp\/v2\/pages"}],"about":[{"href":"https:\/\/www.niftytechs.com\/es\/wp-json\/wp\/v2\/types\/page"}],"author":[{"embeddable":true,"href":"https:\/\/www.niftytechs.com\/es\/wp-json\/wp\/v2\/users\/1"}],"replies":[{"embeddable":true,"href":"https:\/\/www.niftytechs.com\/es\/wp-json\/wp\/v2\/comments?post=26"}],"version-history":[{"count":10,"href":"https:\/\/www.niftytechs.com\/es\/wp-json\/wp\/v2\/pages\/26\/revisions"}],"predecessor-version":[{"id":262,"href":"https:\/\/www.niftytechs.com\/es\/wp-json\/wp\/v2\/pages\/26\/revisions\/262"}],"wp:attachment":[{"href":"https:\/\/www.niftytechs.com\/es\/wp-json\/wp\/v2\/media?parent=26"}],"curies":[{"name":"wp","href":"https:\/\/api.w.org\/{rel}","templated":true}]}}